{"id":339,"date":"2022-11-02T15:22:09","date_gmt":"2022-11-02T14:22:09","guid":{"rendered":"https:\/\/www.indfred.com\/test\/politica-de-privacitat\/"},"modified":"2023-12-01T19:39:53","modified_gmt":"2023-12-01T18:39:53","slug":"politica-de-privacitat","status":"publish","type":"page","link":"https:\/\/indfred.com\/ca\/politica-de-privacitat\/","title":{"rendered":"Pol\u00edtica de privacitat"},"content":{"rendered":"<p>El presente aviso legal (en adelante, el &#8220;Aviso Legal&#8221;) regula el uso del servicio del portal de Internet www.indfred.com (en adelante, el &#8220;Web&#8221;) de SISTEMAS DE FR\u00cdO INDUSTRIAL Y CLIMA, S.L. con domicilio social en POLIGONO INDUSTRIAL ESTACION DE MERCANC\u00cdAS (CL 2) , LA ALDEA, 43896, TARRAGONA con CIF B55600076.<\/p>\n<p><strong>LEGISLACI\u00d3N<\/strong><\/p>\n<p>Con car\u00e1cter general las relaciones entre SISTEMAS DE FR\u00cdO INDUSTRIAL Y CLIMA, S.L. con los usuarios de sus servicios telem\u00e1ticos, presentes en la web, se encuentran sometidas a la legislaci\u00f3n y jurisdicci\u00f3n espa\u00f1olas.<\/p>\n<p>Las partes renuncian expresamente al fuero que pudiera corresponderlas y someten expresamente a los Juzgados y Tribunales de L&#8217;ALDEA para resolver cualquier controversia que pueda surgir en la interpretaci\u00f3n o ejecuci\u00f3n de las presentes condiciones contractuales.<\/p>\n<p><strong>CONTENIDO Y USO<\/strong><\/p>\n<p>El Usuario queda informado, y acepta, que el acceso a la presente web no supone, en modo alguno, el inicio de una relaci\u00f3n comercial con SISTEMAS DE FR\u00cdO INDUSTRIAL Y CLIMA, S.L.<\/p>\n<p>El titular de la web no se identifica con las opiniones vertidas en el mismo por sus colaboradoras. La Empresa se reserva el derecho de efectuar sin previo aviso las modificaciones que considere oportunas en su Web, pudiendo cambiar, suprimir o a\u00f1adir tanto los contenidos y servicios que se presten a trav\u00e9s de la misma como la forma en que \u00e9stos aparezcan presentados o localizados en sus servidores.<\/p>\n<p><strong>PROPIEDAD INTELECTUAL E INDUSTRIAL<\/strong><\/p>\n<p>Los derechos de propiedad intelectual del contenido de las p\u00e1ginas web, su dise\u00f1o gr\u00e1fico y c\u00f3digos son titularidad de SISTEMAS DE FR\u00cdO INDUSTRIAL Y CLIMA, S.L. y, por tanto, queda prohibida su reproducci\u00f3n, distribuci\u00f3n, comunicaci\u00f3n p\u00fablica, transformaci\u00f3n o cualquier otra actividad que se pueda realizar con los contenidos de sus p\u00e1ginas web ni aun citando las fuentes, salvo consentimiento por escrito de SISTEMAS DE FR\u00cdO INDUSTRIAL Y CLIMA, S.L. Todos los n\u00fameros comerciales, marcas o signos distintos de cualquier clase contenidos en las p\u00e1ginas web de la Empresa son propiedad de sus due\u00f1os y est\u00e1n protegidos por ley.<\/p>\n<p><strong> ENLACES (LINKS)<\/strong><\/p>\n<p>La presencia de enlaces (links) en las p\u00e1ginas web de SISTEMAS DE FR\u00cdO INDUSTRIAL Y CLIMA, S.L. tiene finalidad meramente informativa y en ning\u00fan caso supone sugerencia, invitaci\u00f3n o recomendaci\u00f3n sobre los mismos.<\/p>\n<p><strong>CONFIDENCIALIDAD Y PROTECCI\u00d3N DE DATOS<\/strong><\/p>\n<p>A efectos de lo previsto en RGPD de 27 de abril de 2016, SISTEMAS DE FR\u00cdO INDUSTRIAL Y CLIMA, S.L. informa al Usuario de la existencia de un tratamiento automatizado de datos de car\u00e1cter personal creado por y para SISTEMAS DE FR\u00cdO INDUSTRIAL Y CLIMA, S.L. y bajo su responsabilidad, con la finalidad de realizar el mantenimiento y gesti\u00f3n de la relaci\u00f3n con el Usuario, as\u00ed como las labores de informaci\u00f3n. En el momento de la aceptaci\u00f3n de las presentes condiciones generales, SISTEMAS DE FR\u00cdO INDUSTRIAL Y CLIMA, S.L. precisar\u00e1 del Usuario la recogida de unas datos imprescindibles para la prestaci\u00f3n de sus servicios.<\/p>\n<p><strong>REGISTRO DE FICHEROS Y FORMULARIOS<\/strong><\/p>\n<p>La cumplimentaci\u00f3n del formulario de registro es obligatoria para acceder y disfrutar de determinados servicios ofrecidos en la web. El no facilitar las datos personales solicitadas o el no aceptar la presente pol\u00edtica de protecci\u00f3n de datos supone la imposibilidad de suscribirse, registrarse o participar en cualquiera de las promociones en las que se soliciten datos car\u00e1cter personal.<\/p>\n<p>A efectos de lo previsto en RGPD de 27 de abril de 2016, le informamos que las datos personales que se obtengan como consecuencia de su registro como Usuario, ser\u00e1n incorporados a un archivo titularidad de SISTEMAS DE FR\u00cdO INDUSTRIAL Y CLIMA, S.L. con C.I.F B55600076 y domicilio en POLIGONO INDUSTRIAL ESTACION DE MERCANC\u00cdAS (CL 2) , LA ALDEA, 43896, TARRAGONA, teniendo implementadas las medidas de seguridad establecidas en el Real Decreto 1720\/2007, de 11 de junio.<\/p>\n<p><strong>EXACTITUD Y VERACIDAD DE DATOS FACILITADOS<\/strong><\/p>\n<p>El Usuario es el \u00fanico responsable de la veracidad y correcci\u00f3n de las datos incluidas, exoner\u00e1ndose SISTEMAS DE FR\u00cdO INDUSTRIAL Y CLIMA, S.L. de cualquier responsabilidad al respecto. Los usuarios garantizan y responden, en cualquier caso, de la exactitud, vigencia y autenticidad de las datos personales facilitados, y se comprometen a mantenerlos debidamente actualizados. El usuario acepta proporcionar informaci\u00f3n completa y correcta en el formulario de registro o suscripci\u00f3n.<\/p>\n<p>SISTEMAS DE FR\u00cdO INDUSTRIAL Y CLIMA, S.L. no responde de la veracidad de las informaciones que no sean de elaboraci\u00f3n propia y de las que se indique otra fuente, por lo que tampoco asume responsabilidad alguna en cuanto a hipot\u00e9ticos perjudicios que pudieran originarse por el uso de dicha informaci\u00f3n.<\/p>\n<p>SISTEMAS DE FR\u00cdO INDUSTRIAL Y CLIMA, S.L. se reserva el derecho a actualizar, modificar o eliminar la informaci\u00f3n contenida en sus p\u00e1ginas web pudiendo incluso limitar o no permitir el acceso a dicha informaci\u00f3n. Se exonera a SISTEMAS DE FR\u00cdO INDUSTRIAL Y CLIMA, S.L. de responsabilidad ante cualquier da\u00f1o o perjuicio que pudiera sufrir el Usuario como consecuencia de errores, defectos u omisiones, en la informaci\u00f3n facilitada por SISTEMAS DE FR\u00cdO INDUSTRIAL Y CLIMA, S.L. siempre que proceda de fuentes ajenas a SISTEMAS DE FR\u00cdO INDUSTRIAL Y CLIMA, S.L..<\/p>\n<p><strong>FINALIDADES<\/strong><\/p>\n<p>Las finalidades de SISTEMAS DE FR\u00cdO INDUSTRIAL Y CLIMA, S.L. son \u200b\u200bel mantenimiento y gesti\u00f3n de la relaci\u00f3n con el Usuario, as\u00ed como las labores de informaci\u00f3n.<\/p>\n<p><strong>MENORES DE EDAD<\/strong><\/p>\n<p>En el supuesto de que algunos de nuestros servicios vayan dirigidos espec\u00edficamente a menores de edad, SISTEMAS DE FR\u00cdO INDUSTRIAL Y CLIMA, S.L. solicitar\u00e1 la conformidad de los padres o tutoras para la recogida de las datos personales o, en su caso, para el tratamiento automatizado de las datos.<\/p>\n<p><strong>CESI\u00d3N DE DATOS A TERCEROS<\/strong><\/p>\n<p>SISTEMAS DE FR\u00cdO INDUSTRIAL Y CLIMA, S.L. no realizar\u00e1 cesi\u00f3n de datos de los usuarios a terceros.<\/p>\n<p><strong>EXERCICION DE DERECHOS DE ACCESO, RECTIFICACI\u00d3N, CANCELACI\u00d3N Y OPOSICI\u00d3N<\/strong><\/p>\n<p>Podr\u00e1 dirigir sus comunicaciones y ejercitar los derechos de acceso, rectificaci\u00f3n, supresi\u00f3n, limitaci\u00f3n, portabilidad y oposici\u00f3n en la direcci\u00f3n de Internet en www.indfred.com o bien por correo ordinario dirigido a SISTEMAS DE FR\u00cdO INDUSTRIAL Y CLIMA, S.L., Ref. RGPD, en POLIGONO INDUSTRIAL ESTACION DE MERCANC\u00cdAS (CL 2) , LA ALDEA, 43896, TARRAGONA. Para ejercer dichos derechos es necesario que usted acredite su personalidad frente a SISTEMAS DE FR\u00cdO INDUSTRIAL Y CLIMA, S.L. mediante el env\u00edo de fotocopia de Documento Nacional de Identidad o cualquier otro medio v\u00e1lido en Derecho. No obstante, la modificaci\u00f3n o rectificaci\u00f3n de sus datos de registro se podr\u00e1 realizar en el propio Site identificando, previamente, con su usuario y contrase\u00f1a.<\/p>\n<p><strong>MEDIDAS DE SEGURIDAD<\/strong><\/p>\n<p>SISTEMAS DE FR\u00cdO INDUSTRIAL Y CLIMA, S.L. ha adoptado los niveles de seguridad de protecci\u00f3n de las Datos Personales legalmente requeridos, y procuran instalar aquellos otros medios y medidas t\u00e9cnicas adicionales al su alcance para evitar la p\u00e9rdida, mal uso, alteraci\u00f3n, acceso no autorizado y robo de las Datos Personales facilitados a SISTEMAS DE FR\u00cdO INDUSTRIAL Y CLIMA, S.L. no ser\u00e1 responsable de posibles da\u00f1os o perjudicios que se pudieran derivar de interferencias, omisiones, interrupciones, virus inform\u00e1ticos, aver\u00edas telef\u00f3nicas o desconexiones en el funcionamiento operativo de este sistema electr\u00f3nico, motivadas por causas ajenas a SISTEMAS DE FR\u00cdO INDUSTRIAL Y CLIMA, S.L.; de retrasos o bloqueos en el uso del presente sistema electr\u00f3nico causados \u200b\u200bpor deficiencias o sobrecargas de l\u00edneas telef\u00f3nicas o sobrecargas en el Centro de Processos de Datos, en el sistema de Internet o en otros sistemas electr\u00f3nicos, as\u00ed como de da\u00f1os que puedan ser causados \u200b\u200bpor terceros personas mediante intromisiones ileg\u00edtimas fuera del control de SISTEMAS DE FR\u00cdO INDUSTRIAL Y CLIMA, S.L.. Ello, sin embargo, el Usuario debe ser consciente de que las medidas de seguridad en Internet no son inexpugnables.<\/p>\n<p><strong>ACEPTACI\u00d3N Y CONSENTIMIENTO<\/strong><\/p>\n<p>El usuario declara haber sido informado de las condiciones sobre protecci\u00f3n de datos personales, aceptando y consintiendo el tratamiento automatizado de los mismos por parte de SISTEMAS DE FR\u00cdO INDUSTRIAL Y CLIMA, S.L., en la forma y para las finalidades indicadas en la presente Pol\u00edtica de Protecci\u00f3n Datos Personales. Ciertos servicios prestados en el Portal pueden contener condiciones particulares con previsiones espec\u00edficas en materia de protecci\u00f3n de Datos Personales.<\/p>\n<div style=\"padding-top:58px;\"><\/div>\n","protected":false},"excerpt":{"rendered":"<p>El presente aviso legal (en adelante, el &#8220;Aviso Legal&#8221;) regula el uso del servicio del portal de Internet www.indfred.com (en adelante, el &#8220;Web&#8221;) de SISTEMAS DE FR\u00cdO INDUSTRIAL Y CLIMA, S.L. con domicilio social en POLIGONO INDUSTRIAL ESTACION DE MERCANC\u00cdAS (CL 2) , LA ALDEA, 43896, TARRAGONA con CIF B55600076. LEGISLACI\u00d3N Con car\u00e1cter general las [&hellip;]<\/p>\n","protected":false},"author":1,"featured_media":0,"parent":0,"menu_order":0,"comment_status":"closed","ping_status":"closed","template":"","meta":{"_et_pb_use_builder":"","_et_pb_old_content":"","_et_gb_content_width":"","footnotes":""},"class_list":["post-339","page","type-page","status-publish","hentry"],"_links":{"self":[{"href":"https:\/\/indfred.com\/ca\/wp-json\/wp\/v2\/pages\/339","targetHints":{"allow":["GET"]}}],"collection":[{"href":"https:\/\/indfred.com\/ca\/wp-json\/wp\/v2\/pages"}],"about":[{"href":"https:\/\/indfred.com\/ca\/wp-json\/wp\/v2\/types\/page"}],"author":[{"embeddable":true,"href":"https:\/\/indfred.com\/ca\/wp-json\/wp\/v2\/users\/1"}],"replies":[{"embeddable":true,"href":"https:\/\/indfred.com\/ca\/wp-json\/wp\/v2\/comments?post=339"}],"version-history":[{"count":5,"href":"https:\/\/indfred.com\/ca\/wp-json\/wp\/v2\/pages\/339\/revisions"}],"predecessor-version":[{"id":366,"href":"https:\/\/indfred.com\/ca\/wp-json\/wp\/v2\/pages\/339\/revisions\/366"}],"wp:attachment":[{"href":"https:\/\/indfred.com\/ca\/wp-json\/wp\/v2\/media?parent=339"}],"curies":[{"name":"wp","href":"https:\/\/api.w.org\/{rel}","templated":true}]}}